{"id":3491,"date":"2016-04-17T11:08:24","date_gmt":"2016-04-17T11:08:24","guid":{"rendered":"https:\/\/toda.aisgan.org\/?page_id=3491"},"modified":"2016-04-17T12:59:10","modified_gmt":"2016-04-17T12:59:10","slug":"metodo-scout-y-guia-adulto","status":"publish","type":"page","link":"https:\/\/andalucia.aisgan.org\/?page_id=3491","title":{"rendered":"M\u00e9todo Scout y Gu\u00eda Adulto"},"content":{"rendered":"<p><span style=\"text-decoration: underline;\"><span style=\"color: #0000ff;\"><strong><a href=\"https:\/\/toda.aisgan.org\/wp-content\/uploads\/2009\/02\/logo1-LONA-AISG-300X150.jpg\"><img loading=\"lazy\" decoding=\"async\" class=\"alignleft size-full wp-image-3259\" src=\"https:\/\/toda.aisgan.org\/wp-content\/uploads\/2009\/02\/logo1-LONA-AISG-300X150.jpg\" alt=\"logo1 LONA AISG 300X150\" width=\"160\" height=\"160\" srcset=\"https:\/\/andalucia.aisgan.org\/wp-content\/uploads\/2009\/02\/logo1-LONA-AISG-300X150.jpg 160w, https:\/\/andalucia.aisgan.org\/wp-content\/uploads\/2009\/02\/logo1-LONA-AISG-300X150-150x150.jpg 150w, https:\/\/andalucia.aisgan.org\/wp-content\/uploads\/2009\/02\/logo1-LONA-AISG-300X150-96x96.jpg 96w, https:\/\/andalucia.aisgan.org\/wp-content\/uploads\/2009\/02\/logo1-LONA-AISG-300X150-24x24.jpg 24w, https:\/\/andalucia.aisgan.org\/wp-content\/uploads\/2009\/02\/logo1-LONA-AISG-300X150-36x36.jpg 36w, https:\/\/andalucia.aisgan.org\/wp-content\/uploads\/2009\/02\/logo1-LONA-AISG-300X150-48x48.jpg 48w, https:\/\/andalucia.aisgan.org\/wp-content\/uploads\/2009\/02\/logo1-LONA-AISG-300X150-64x64.jpg 64w, https:\/\/andalucia.aisgan.org\/wp-content\/uploads\/2009\/02\/logo1-LONA-AISG-300X150-32x32.jpg 32w\" sizes=\"auto, (max-width: 160px) 100vw, 160px\" \/><\/a>MAS DE 100 A\u00d1OS EDUCANDO<\/strong><\/span><\/span><\/p>\n<p style=\"text-align: justify;\">El Escultismo y el Guidismo llevan m\u00e1s de 100 a\u00f1os educando a ni\u00f1os, ni\u00f1as y j\u00f3venes. Como consecuencia de ello se han ido formando muchas generaciones de adultos concienciados y motivados. Por eso, al terminar su etapa educativa en el Escultismo y el Guidismo, los adultos que no pueden o no desean seguir ayudando a las asociaciones juveniles, pero quieren seguir viviendo los valores de la Ley y la Promesa Scout y Gu\u00eda y aportar su granito de arena para transformar el mundo en el que viven, siguiendo las recomendaciones de B.P. en su \u00faltimo mensaje en el que nos dec\u00eda \u201cas\u00edos a vuestra Promesa Scout siempre, a\u00fan cuando hay\u00e1is dejado de ser unos muchachos\u201d y \u201ctratad de dejar este mundo en mejores condiciones de c\u00f3mo lo encontrasteis\u201d, pueden continuar su labor transformadora del mundo, bien solos o mejor en grupos organizados, para ello la \u201cAmistad Internacional Scout y Gu\u00eda\u201d nos brinda la oportunidad de poder hacerlo en compa\u00f1\u00eda de otros adultos.<\/p>\n<p>Para realizar esta labor, los scouts y gu\u00eda adultos tenemos un sistema propio que lo resumimos en el siguiente esquema:<a href=\"https:\/\/toda.aisgan.org\/wp-content\/uploads\/2016\/04\/METODO.png\"><img loading=\"lazy\" decoding=\"async\" class=\"aligncenter wp-image-3492\" src=\"https:\/\/toda.aisgan.org\/wp-content\/uploads\/2016\/04\/METODO.png\" alt=\"METODO\" width=\"889\" height=\"598\" srcset=\"https:\/\/andalucia.aisgan.org\/wp-content\/uploads\/2016\/04\/METODO.png 1372w, https:\/\/andalucia.aisgan.org\/wp-content\/uploads\/2016\/04\/METODO-300x202.png 300w, https:\/\/andalucia.aisgan.org\/wp-content\/uploads\/2016\/04\/METODO-768x516.png 768w, https:\/\/andalucia.aisgan.org\/wp-content\/uploads\/2016\/04\/METODO-1024x688.png 1024w\" sizes=\"auto, (max-width: 889px) 100vw, 889px\" \/><\/a><\/p>\n<p><span style=\"text-decoration: underline;\"><span style=\"color: #0000ff;\"><strong>LOS SCOUTS Y GU\u00cdAS ADULTOS \u00a0POTENCIAN LA VERTIENTE SOCIAL DE LA PERSONA<\/strong><\/span><\/span><\/p>\n<p>Realmente es as\u00ed, por cuanto su sistema plantea la participaci\u00f3n social como premisa b\u00e1sica. Cada scout adulto act\u00faa inmerso en un peque\u00f1o grupo al que llamamos \u201cGuilda\u201d. Este compartir tiempo y esfuerzo promueve las relaciones personales, la cooperaci\u00f3n, el respeto, la tolerancia, la observancia de las normas comunes.<\/p>\n<p style=\"text-align: justify;\">El scout o el gu\u00eda adulto aportan a la sociedad toda su experiencia y conocimientos adquiridos a lo largo de los a\u00f1os, en guildas que agrupan a las personas en torno a proyectos o destrezas, que se ponen al servicio, no solo del Escultismo y Guidismo, sino de toda la sociedad en general.<\/p>\n<h1><strong><a href=\"https:\/\/toda.aisgan.org\/wp-content\/uploads\/2016\/04\/METODO1.png\"><img loading=\"lazy\" decoding=\"async\" class=\"aligncenter wp-image-3493\" src=\"https:\/\/toda.aisgan.org\/wp-content\/uploads\/2016\/04\/METODO1.png\" alt=\"METODO1\" width=\"936\" height=\"734\" srcset=\"https:\/\/andalucia.aisgan.org\/wp-content\/uploads\/2016\/04\/METODO1.png 1371w, https:\/\/andalucia.aisgan.org\/wp-content\/uploads\/2016\/04\/METODO1-300x235.png 300w, https:\/\/andalucia.aisgan.org\/wp-content\/uploads\/2016\/04\/METODO1-768x603.png 768w, https:\/\/andalucia.aisgan.org\/wp-content\/uploads\/2016\/04\/METODO1-1024x804.png 1024w\" sizes=\"auto, (max-width: 936px) 100vw, 936px\" \/><\/a>\u00a0<\/strong><em><strong>\u00a0<\/strong>\u00a0 <span style=\"color: #0000ff;\">\u00a0 \u00a0\u2026en la naturaleza\u2026<\/span><\/em><span style=\"color: #0000ff;\"><strong>\u00a0<\/strong><\/span><\/h1>\n<p style=\"text-align: justify;\"><span style=\"text-decoration: underline;\"><span style=\"color: #0000ff;\"><strong>LOS SCOUTS Y GU\u00cdAS ADULTOS TIENEN EN LA NATURALEZA SU MEJOR MEDIO<\/strong><\/span><\/span><\/p>\n<p style=\"text-align: justify;\">Si decimos que el Sistema de los scouts y gu\u00edas adultos se basa en un \u00a0compromiso personal, en un proceso de continuo desarrollo personal realizando una participaci\u00f3n social activa, en el trabajo en peque\u00f1os grupos llamados guildas y en el contacto con la Naturaleza, hemos de comprender que muchos de los proyectos y actividades desarrollados por los adultos, se desarrollen en plena naturaleza, aunque su objetivo final no sea s\u00f3lo medioambiental.<\/p>\n<h1 style=\"text-align: justify;\"><a href=\"https:\/\/toda.aisgan.org\/wp-content\/uploads\/2016\/04\/METODO2.png\"><img loading=\"lazy\" decoding=\"async\" class=\"aligncenter size-full wp-image-3494\" src=\"https:\/\/toda.aisgan.org\/wp-content\/uploads\/2016\/04\/METODO2.png\" alt=\"METODO2\" width=\"351\" height=\"336\" srcset=\"https:\/\/andalucia.aisgan.org\/wp-content\/uploads\/2016\/04\/METODO2.png 351w, https:\/\/andalucia.aisgan.org\/wp-content\/uploads\/2016\/04\/METODO2-300x287.png 300w, https:\/\/andalucia.aisgan.org\/wp-content\/uploads\/2016\/04\/METODO2-24x24.png 24w\" sizes=\"auto, (max-width: 351px) 100vw, 351px\" \/><\/a><span style=\"color: #0000ff;\"><strong><em>\u2026y por la naturaleza<\/em><\/strong><\/span><\/h1>\n<p style=\"text-align: justify;\"><span style=\"text-decoration: underline;\"><span style=\"color: #0000ff;\"><strong>LOS SCOUTS Y GUIAS ADULTOS TRABAJAN \u00a0POR Y PARA EL MEDIO AMBIENTE<\/strong><\/span><\/span><\/p>\n<p style=\"text-align: justify;\">La educaci\u00f3n medioambiental es una parte fundamental dentro de la oferta educativa del Movimiento Scout y Gu\u00eda y un elemento vital para el desarrollo de mejores ciudadanos para el mundo. Desde el inicio del Escultismo y Guidismo, los j\u00f3venes han estado conectados con la naturaleza, aprendiendo de ella y realizando acciones positivas para su medioambiente local y global. Con m\u00e1s motivo, nosotros, como scouts y gu\u00edas adultos, con toda la experiencia vital y profesional que portamos, hemos de trabajar \u201cpor\u201d y \u201cpara\u201d el medio ambiente; <strong>haciendo nuestra la frase de B.P. <em>\u201cDEJA TU MUNDO MEJOR DE C\u00d3MO LO ENCONTRASTE\u201d.<\/em><\/strong><\/p>\n","protected":false},"excerpt":{"rendered":"<p>MAS DE 100 A\u00d1OS EDUCANDO El Escultismo y el Guidismo llevan m\u00e1s de 100 a\u00f1os educando a ni\u00f1os, ni\u00f1as y j\u00f3venes. Como consecuencia de ello se han ido formando muchas generaciones de adultos concienciados y motivados. Por eso, al terminar su etapa educativa en el Escultismo y el Guidismo, los adultos que no pueden o no desean seguir ayudando a las asociaciones juveniles, pero quieren seguir viviendo los valores de la Ley y la Promesa Scout y Gu\u00eda y aportar&#8230; <a class=\"continue-reading-link\" href=\"https:\/\/andalucia.aisgan.org\/?page_id=3491\">Leer m\u00e1s<\/a><\/p>\n","protected":false},"author":11,"featured_media":0,"parent":3252,"menu_order":0,"comment_status":"closed","ping_status":"closed","template":"","meta":{"ngg_post_thumbnail":0,"footnotes":""},"class_list":["post-3491","page","type-page","status-publish","hentry"],"_links":{"self":[{"href":"https:\/\/andalucia.aisgan.org\/index.php?rest_route=\/wp\/v2\/pages\/3491","targetHints":{"allow":["GET"]}}],"collection":[{"href":"https:\/\/andalucia.aisgan.org\/index.php?rest_route=\/wp\/v2\/pages"}],"about":[{"href":"https:\/\/andalucia.aisgan.org\/index.php?rest_route=\/wp\/v2\/types\/page"}],"author":[{"embeddable":true,"href":"https:\/\/andalucia.aisgan.org\/index.php?rest_route=\/wp\/v2\/users\/11"}],"replies":[{"embeddable":true,"href":"https:\/\/andalucia.aisgan.org\/index.php?rest_route=%2Fwp%2Fv2%2Fcomments&post=3491"}],"version-history":[{"count":4,"href":"https:\/\/andalucia.aisgan.org\/index.php?rest_route=\/wp\/v2\/pages\/3491\/revisions"}],"predecessor-version":[{"id":3499,"href":"https:\/\/andalucia.aisgan.org\/index.php?rest_route=\/wp\/v2\/pages\/3491\/revisions\/3499"}],"up":[{"embeddable":true,"href":"https:\/\/andalucia.aisgan.org\/index.php?rest_route=\/wp\/v2\/pages\/3252"}],"wp:attachment":[{"href":"https:\/\/andalucia.aisgan.org\/index.php?rest_route=%2Fwp%2Fv2%2Fmedia&parent=3491"}],"curies":[{"name":"wp","href":"https:\/\/api.w.org\/{rel}","templated":true}]}}